{"id":13020,"date":"2024-01-16T12:37:57","date_gmt":"2024-01-16T17:37:57","guid":{"rendered":"https:\/\/covid19communicationnetwork.org\/?page_id=13020"},"modified":"2024-01-30T15:36:38","modified_gmt":"2024-01-30T20:36:38","slug":"can2023pt","status":"publish","type":"page","link":"https:\/\/covid19communicationnetwork.org\/fr\/can2023pt\/","title":{"rendered":"AFCON 2023 Portugu\u00eas"},"content":{"rendered":"<style type=\"text\/css\" data-created_by=\"avia_inline_auto\" id=\"style-css-av-lr6j1nxd-e59731f9138764c7e4e5e15d51d0fdff\">\n.avia-section.av-lr6j1nxd-e59731f9138764c7e4e5e15d51d0fdff{\nbackground-color:#e9e9e9;\nbackground-image:unset;\n}\n<\/style>\n<div id='av_section_1'  class='avia-section av-lr6j1nxd-e59731f9138764c7e4e5e15d51d0fdff main_color avia-section-default avia-no-border-styling  avia-builder-el-0  el_before_av_one_full  avia-builder-el-first  avia-bg-style-scroll container_wrap sidebar_right'  ><div class='container av-section-cont-open' ><main  role=\"main\" itemprop=\"mainContentOfPage\"  class='template-page content  av-content-small alpha units'><div class='post-entry post-entry-type-page post-entry-13020'><div class='entry-content-wrapper clearfix'>\n<section  class='av_textblock_section av-lr6j22ji-bd9ee8b2955370ad5c0385462f7cf3f9'   itemscope=\"itemscope\" itemtype=\"https:\/\/schema.org\/CreativeWork\" ><div class='avia_textblock afconlinks'  itemprop=\"text\" ><h1 style=\"text-align: center;\">TA\u00c7A DE \u00c1FRICA DAS NA\u00c7\u00d5ES 2023<br \/>\nMATERIAIS DA CAMPANHA #EQUIPAVACINADA<\/h1>\n<\/div><\/section>\n<div  class='flex_column av-1aaipfg-e9f13383d79391ce91afa35e896d29b7 av_one_half  avia-builder-el-2  el_after_av_textblock  el_before_av_one_half  first flex_column_div  column-top-margin'     ><section  class='av_textblock_section av-lrjjjzel-7b6931b5ca780f0577afc9548ccd7bc1'   itemscope=\"itemscope\" itemtype=\"https:\/\/schema.org\/CreativeWork\" ><div class='avia_textblock'  itemprop=\"text\" ><p><a href=\"https:\/\/covid19communicationnetwork.org\/wp-content\/uploads\/2024\/01\/MOZ-1.png\"><img loading=\"lazy\" decoding=\"async\" class=\"wp-image-13098 aligncenter\" src=\"https:\/\/covid19communicationnetwork.org\/wp-content\/uploads\/2024\/01\/MOZ-1-1030x722.png\" alt=\"Mozambique #TeamVaccine\" width=\"362\" height=\"254\" srcset=\"https:\/\/covid19communicationnetwork.org\/wp-content\/uploads\/2024\/01\/MOZ-1-1030x722.png 1030w, https:\/\/covid19communicationnetwork.org\/wp-content\/uploads\/2024\/01\/MOZ-1-178x125.png 178w, https:\/\/covid19communicationnetwork.org\/wp-content\/uploads\/2024\/01\/MOZ-1-768x538.png 768w, https:\/\/covid19communicationnetwork.org\/wp-content\/uploads\/2024\/01\/MOZ-1-1536x1076.png 1536w, https:\/\/covid19communicationnetwork.org\/wp-content\/uploads\/2024\/01\/MOZ-1-2048x1435.png 2048w, https:\/\/covid19communicationnetwork.org\/wp-content\/uploads\/2024\/01\/MOZ-1-18x12.png 18w, https:\/\/covid19communicationnetwork.org\/wp-content\/uploads\/2024\/01\/MOZ-1-1500x1051.png 1500w, https:\/\/covid19communicationnetwork.org\/wp-content\/uploads\/2024\/01\/MOZ-1-705x494.png 705w\" sizes=\"auto, (max-width: 362px) 100vw, 362px\" \/><\/a><\/p>\n<\/div><\/section><\/div><div  class='flex_column av-iwrb4s-e65dce2b6c44ae0f64987a2c158d76b5 av_one_half  avia-builder-el-4  el_after_av_one_half  avia-builder-el-last  flex_column_div  column-top-margin'     ><section  class='av_textblock_section av-lrjjc3z6-c2e8a55c97fce21f04f6d16d85c541c9'   itemscope=\"itemscope\" itemtype=\"https:\/\/schema.org\/CreativeWork\" ><div class='avia_textblock'  itemprop=\"text\" ><p><span style=\"color: black;\">La Coupe des Nations Africaines (AFCON) de 2023 offre une opportunit\u00e9 unique de jouer \u00e0 des millions d&#039;adeptes du football africain sur tout le continent, une fois que tout se synchronisera pour aider les joueurs et accompagner l&#039;\u00e9quipe pr\u00e9f\u00e9r\u00e9e. Le projet embl\u00e9matique de gestion sociale et comportementale de l&#039;USAID, Breakthrough ACTION, a con\u00e7u une campagne multim\u00e9dia pour soutenir l&#039;enthousiasme des adeptes de l&#039;AFCON pour partager des messages qui crient \u00e0 une norme sociale plus solide pour les vaccins contre le COVID-19 et d&#039;autres vaccins \u00e0 long terme. Les phases de la vie et se concentrent sur la protection des plus vuln\u00e9rables. Une campanha incluse <a href=\"https:\/\/covid19communicationnetwork.org\/fr\/afcon2023\/?fwp_resource_types=tv-spots&amp;fwp_language=portuguese#afconresources\">annonces de t\u00e9l\u00e9vision<\/a>, <a href=\"https:\/\/covid19communicationnetwork.org\/fr\/afcon2023\/?fwp_resource_types=radio-audio-spots&amp;fwp_language=portuguese#afconresources\">spots de radio<\/a>, <a href=\"https:\/\/covid19communicationnetwork.org\/fr\/afcon2023\/?fwp_resource_types=posters&amp;fwp_language=portuguese#afconresources\">cartazes<\/a> <a href=\"https:\/\/docs.google.com\/presentation\/d\/1swaIyXcNrIHSVyQrd_inK9mAdk7RU-MO\/edit?usp=sharing&amp;ouid=104117712118417239638&amp;rtpof=true&amp;sd=true\">et publications sur les r\u00e9seaux sociaux<\/a>, <a href=\"https:\/\/covid19communicationnetwork.org\/fr\/covid19resource\/breakthrough-action-campanha-de-imunizacao-da-taca-das-nacoes-africanas-guia-de-eventos-comunitarios\/\">\u00eatre comme termes de r\u00e9f\u00e9rence pour inciter les communaut\u00e9s \u00e0 organiser des \u00e9v\u00e9nements<\/a> dans le tournoi du tournoi pour promouvoir encore plus l&#039;adoption du vaccin.<\/span><\/p>\n<\/div><\/section><\/div><\/div><\/div><\/main><!-- close content main element --><\/div><\/div><div id='after_section_1'  class='main_color av_default_container_wrap container_wrap sidebar_right'  ><div class='container av-section-cont-open' ><div class='template-page content  av-content-small alpha units'><div class='post-entry post-entry-type-page post-entry-13020'><div class='entry-content-wrapper clearfix'><div  class='flex_column av-113946y-0b49de1c236becb5edcf361cfef62381 av_one_full  avia-builder-el-6  el_after_av_section  avia-builder-el-no-sibling  first flex_column_div'     ><p><br \/>\n<section  class='av_textblock_section av-sdo3ve-cbc874c8bd89908cecc0cb6a14ea8638'   itemscope=\"itemscope\" itemtype=\"https:\/\/schema.org\/CreativeWork\" ><div class='avia_textblock'  itemprop=\"text\" ><div class=\"facetwp-template\" data-name=\"afcon_portuguese\"><div class=\"overview\">\n<div class=\"date\">29 janvier 2024<\/div>\n<div class=\"proj_mat_description\"><h3><a href=\"https:\/\/covid19communicationnetwork.org\/fr\/covid19resource\/campanha-para-promover-a-imunizacao-de-rotina-e-a-vacina-contra-a-covid-19-durante-a-afcon-2023-anuncio-de-tv-2\/\">Campagne pour promouvoir la vaccination des rotin et du vaccin contre le COVID-19 lors de la CAN 2023 \u2013 Annonce de TV 2<\/a><\/h3>\n<div class=\"search-image\"><img decoding=\"async\" src=\"https:\/\/covid19communicationnetwork.org\/wp-content\/uploads\/2024\/01\/Campanha-para-promover-a-imunizacao-de-rotina-e-a-vacina-contra-a-COVID-19-AFCON-2023-2.jpg\" \/><\/div>\n\n<p class=\"resource-tags\"><span class='resource-type tv-spots'>Spots t\u00e9l\u00e9vis\u00e9s<\/span><\/p>\n<p><p>Cette annonce fait partie d&#039;une campagne pour promouvoir la vaccination des rotin et du vaccin contre le COVID-19 au cours du Championnat Africain de Football (AFCON) de 2023.<\/p>\n<\/p>\n<p><\/p>\n<\/div>\n<\/div>\n<!--<hr style=\"clear:both;\" \/>-->\n<div class=\"overview\">\n<div class=\"date\"><\/div>\n<div class=\"proj_mat_description\"><h3><a href=\"https:\/\/covid19communicationnetwork.org\/fr\/covid19resource\/campanha-para-promover-a-imunizacao-de-rotina-e-a-vacina-contra-a-covid-19-durante-a-afcon-2023\/\">Campagne pour promouvoir la vaccination des rotin et du vaccin contre le COVID-19 lors de la CAN 2023 \u2013 Annonce TV 1<\/a><\/h3>\n<div class=\"search-image\"><img decoding=\"async\" src=\"https:\/\/covid19communicationnetwork.org\/wp-content\/uploads\/2024\/01\/Campanha-para-promover-a-imunizacao-de-rotina-e-a-vacina-contra-a-COVID-19-AFCON-2023.jpg\" \/><\/div>\n\n<p class=\"resource-tags\"><span class='resource-type tv-spots'>Spots t\u00e9l\u00e9vis\u00e9s<\/span><\/p>\n<p><p>Cette annonce fait partie d&#039;une campagne pour promouvoir la vaccination des rotin et du vaccin contre le COVID-19 au cours du Championnat Africain de Football (AFCON) de 2023.<\/p>\n<\/p>\n<p><\/p>\n<\/div>\n<\/div>\n<!--<hr style=\"clear:both;\" \/>-->\n<div class=\"overview\">\n<div class=\"date\"><\/div>\n<div class=\"proj_mat_description\"><h3><a href=\"https:\/\/covid19communicationnetwork.org\/fr\/covid19resource\/breakthrough-action-campanha-de-imunizacao-da-taca-das-nacoes-africanas-guia-de-eventos-comunitarios\/\">Breakthrough ACTION Campanha de Imuniza\u00e7\u00e3o da Ta\u00e7a das Na\u00e7\u00f5es Africanas \u2013 Guide des \u00e9v\u00e9nements communautaires<\/a><\/h3>\n<div class=\"search-image\"><img decoding=\"async\" src=\"https:\/\/covid19communicationnetwork.org\/wp-content\/uploads\/2024\/01\/Guia-de-eventos-comunitarios-PORT.jpg\" \/><\/div>\n\n<p class=\"resource-tags\"><span class='resource-type clinical\/technical-guidance'>Conseils cliniques\/techniques<\/span><span class='resource-type sbc-campaign'>Campagne CSC<\/span><\/p>\n<p><p>Ce guide a \u00e9t\u00e9 con\u00e7u pour aider les communaut\u00e9s planaires et organiser leurs propres \u00e9v\u00e9nements communautaires et f\u00eates d&#039;assistance pendant les jeux de la CAN 2023 (r\u00e9alis\u00e9s du 13 janvier au 11 f\u00e9vrier 2024) pour promouvoir la vaccination contre le COVID-19. e comme vaccins ao longo da vida. Le guide vous donne trois sections \u2014 ce qui se passe avant, pendant et apr\u00e8s l&#039;\u00e9v\u00e9nement \u2014 avec des listes de v\u00e9rification pour chaque personne.<\/p>\n<\/p>\n<p><\/p>\n<\/div>\n<\/div>\n<!--<hr style=\"clear:both;\" \/>-->\n<div class=\"overview\">\n<div class=\"date\">18 janvier 2024<\/div>\n<div class=\"proj_mat_description\"><h3><a href=\"https:\/\/covid19communicationnetwork.org\/fr\/covid19resource\/spot-de-radio-para-promover-a-vacinacao-durante-o-campeonato-africano-de-futebol\/\">Spot de radio pour promouvoir la vaccination pendant le Campeonato Africano de Futebol \u2013 AFCON Mo\u00e7ambique<\/a><\/h3>\n<div class=\"search-image\"><img decoding=\"async\" src=\"https:\/\/covid19communicationnetwork.org\/wp-content\/uploads\/2024\/01\/MOZ-1.png\" \/><\/div>\n\n<p class=\"resource-tags\"><span class='resource-type radio\/audio-spots'>Spots radio\/audio<\/span><span class='resource-type sbc-campaign'>Campagne CSC<\/span><\/p>\n<p><p>Ces deux spots de radio sont destin\u00e9s \u00e0 promouvoir la vaccination des rotin et du vaccin contre le COVID-19 pendant le Campeonato Africano de Futebol de 2023, avec la participation des commentateurs sportifs aux participants. L&#039;objectif est d&#039;inspirer les hommes \u00e0 garantir que leurs familles et tous ceux qui veulent les garder tous en tant que vaccins de [\u2026]<\/p>\n<\/p>\n<p><\/p>\n<\/div>\n<\/div>\n<!--<hr style=\"clear:both;\" \/>-->\n<div class=\"overview\">\n<div class=\"date\">12 janvier 2024<\/div>\n<div class=\"proj_mat_description\"><h3><a href=\"https:\/\/covid19communicationnetwork.org\/fr\/covid19resource\/futebol-em-mocambique-promove-cartazes-de-vacinacao\/\">Futebol em Mo\u00e7ambique promeut les cartes de vaccination<\/a><\/h3>\n<div class=\"search-image\"><img decoding=\"async\" src=\"https:\/\/covid19communicationnetwork.org\/wp-content\/uploads\/2024\/01\/MOZ-NuclearFamily.png\" \/><\/div>\n\n<p class=\"resource-tags\"><span class='resource-type posters'>Affiches<\/span><span class='resource-type sbc-campaign'>Campagne CSC<\/span><\/p>\n<p><p>Ce sont les trois chefs d&#039;\u00e9quipe des adeptes du football au Mozambique qui ont travaill\u00e9 sur leur \u00e9quipe lors de la Coupe des Nations Africaines de 2023, en promouvant une vaccination r\u00e9guli\u00e8re contre le COVID-19 et une vaccination des enfants, pour prot\u00e9ger les plus vuln\u00e9rables.<\/p>\n<\/p>\n<p><\/p>\n<\/div>\n<\/div>\n<!--<hr style=\"clear:both;\" \/>-->\n<\/div>\n<\/div><\/section><\/p><\/div><\/p>","protected":false},"excerpt":{"rendered":"<p>Les supports de campagne multim\u00e9dia de Breakthrough ACTION visent \u00e0 susciter l&#039;enthousiasme des fans de football de la Coupe d&#039;Afrique des Nations 2023 en faveur de la vaccination.<\/p>","protected":false},"author":2,"featured_media":0,"parent":0,"menu_order":0,"comment_status":"closed","ping_status":"closed","template":"","meta":{"footnotes":""},"class_list":["post-13020","page","type-page","status-publish","hentry"],"yoast_head":"<!-- This site is optimized with the Yoast SEO plugin v27.2 - https:\/\/yoast.com\/product\/yoast-seo-wordpress\/ -->\n<title>AFCON 2023 Portugu\u00eas - COVID-19 Communication Network<\/title>\n<meta name=\"description\" content=\"Breakthrough ACTION&#039;s multimedia campaign to leverage excitement among 2023 Africa Cup of Nations football fans in support of vaccination.\" \/>\n<meta name=\"robots\" content=\"index, follow, max-snippet:-1, max-image-preview:large, max-video-preview:-1\" \/>\n<link rel=\"canonical\" href=\"https:\/\/covid19communicationnetwork.org\/fr\/can2023pt\/\" \/>\n<meta property=\"og:locale\" content=\"fr_FR\" \/>\n<meta property=\"og:type\" content=\"article\" \/>\n<meta property=\"og:title\" content=\"AFCON 2023 Portugu\u00eas - COVID-19 Communication Network\" \/>\n<meta property=\"og:description\" content=\"Breakthrough ACTION&#039;s multimedia campaign to leverage excitement among 2023 Africa Cup of Nations football fans in support of vaccination.\" \/>\n<meta property=\"og:url\" content=\"https:\/\/covid19communicationnetwork.org\/fr\/can2023pt\/\" \/>\n<meta property=\"og:site_name\" content=\"COVID-19 Communication Network\" \/>\n<meta property=\"article:modified_time\" content=\"2024-01-30T20:36:38+00:00\" \/>\n<meta property=\"og:image\" content=\"https:\/\/covid19communicationnetwork.org\/wp-content\/uploads\/2024\/01\/MOZ-1-1030x722.png\" \/>\n<meta name=\"twitter:card\" content=\"summary_large_image\" \/>\n<meta name=\"twitter:label1\" content=\"Dur\u00e9e de lecture estim\u00e9e\" \/>\n\t<meta name=\"twitter:data1\" content=\"4 minutes\" \/>\n<script type=\"application\/ld+json\" class=\"yoast-schema-graph\">{\"@context\":\"https:\/\/schema.org\",\"@graph\":[{\"@type\":\"WebPage\",\"@id\":\"https:\/\/covid19communicationnetwork.org\/can2023pt\/\",\"url\":\"https:\/\/covid19communicationnetwork.org\/can2023pt\/\",\"name\":\"AFCON 2023 Portugu\u00eas - COVID-19 Communication Network\",\"isPartOf\":{\"@id\":\"https:\/\/covid19communicationnetwork.org\/#website\"},\"primaryImageOfPage\":{\"@id\":\"https:\/\/covid19communicationnetwork.org\/can2023pt\/#primaryimage\"},\"image\":{\"@id\":\"https:\/\/covid19communicationnetwork.org\/can2023pt\/#primaryimage\"},\"thumbnailUrl\":\"https:\/\/covid19communicationnetwork.org\/wp-content\/uploads\/2024\/01\/MOZ-1-1030x722.png\",\"datePublished\":\"2024-01-16T17:37:57+00:00\",\"dateModified\":\"2024-01-30T20:36:38+00:00\",\"description\":\"Breakthrough ACTION's multimedia campaign to leverage excitement among 2023 Africa Cup of Nations football fans in support of vaccination.\",\"breadcrumb\":{\"@id\":\"https:\/\/covid19communicationnetwork.org\/can2023pt\/#breadcrumb\"},\"inLanguage\":\"fr-FR\",\"potentialAction\":[{\"@type\":\"ReadAction\",\"target\":[\"https:\/\/covid19communicationnetwork.org\/can2023pt\/\"]}]},{\"@type\":\"ImageObject\",\"inLanguage\":\"fr-FR\",\"@id\":\"https:\/\/covid19communicationnetwork.org\/can2023pt\/#primaryimage\",\"url\":\"https:\/\/covid19communicationnetwork.org\/wp-content\/uploads\/2024\/01\/MOZ-1-1030x722.png\",\"contentUrl\":\"https:\/\/covid19communicationnetwork.org\/wp-content\/uploads\/2024\/01\/MOZ-1-1030x722.png\"},{\"@type\":\"BreadcrumbList\",\"@id\":\"https:\/\/covid19communicationnetwork.org\/can2023pt\/#breadcrumb\",\"itemListElement\":[{\"@type\":\"ListItem\",\"position\":1,\"name\":\"Home\",\"item\":\"https:\/\/covid19communicationnetwork.org\/welcome\/\"},{\"@type\":\"ListItem\",\"position\":2,\"name\":\"AFCON 2023 Portugu\u00eas\"}]},{\"@type\":\"WebSite\",\"@id\":\"https:\/\/covid19communicationnetwork.org\/#website\",\"url\":\"https:\/\/covid19communicationnetwork.org\/\",\"name\":\"COVID-19 Communication Network\",\"description\":\"Tools and Resources for Novel Coronavirus (COVID-19)\",\"publisher\":{\"@id\":\"https:\/\/covid19communicationnetwork.org\/#organization\"},\"potentialAction\":[{\"@type\":\"SearchAction\",\"target\":{\"@type\":\"EntryPoint\",\"urlTemplate\":\"https:\/\/covid19communicationnetwork.org\/?s={search_term_string}\"},\"query-input\":{\"@type\":\"PropertyValueSpecification\",\"valueRequired\":true,\"valueName\":\"search_term_string\"}}],\"inLanguage\":\"fr-FR\"},{\"@type\":\"Organization\",\"@id\":\"https:\/\/covid19communicationnetwork.org\/#organization\",\"name\":\"COVID-19 Communication Network\",\"url\":\"https:\/\/covid19communicationnetwork.org\/\",\"logo\":{\"@type\":\"ImageObject\",\"inLanguage\":\"fr-FR\",\"@id\":\"https:\/\/covid19communicationnetwork.org\/#\/schema\/logo\/image\/\",\"url\":\"https:\/\/covid19communicationnetwork.org\/wp-content\/uploads\/2020\/04\/ccnLogoLg.png\",\"contentUrl\":\"https:\/\/covid19communicationnetwork.org\/wp-content\/uploads\/2020\/04\/ccnLogoLg.png\",\"width\":1309,\"height\":401,\"caption\":\"COVID-19 Communication Network\"},\"image\":{\"@id\":\"https:\/\/covid19communicationnetwork.org\/#\/schema\/logo\/image\/\"}}]}<\/script>\n<!-- \/ Yoast SEO plugin. -->","yoast_head_json":{"title":"AFCON 2023 Portugu\u00eas - COVID-19 Communication Network","description":"Breakthrough ACTION's multimedia campaign to leverage excitement among 2023 Africa Cup of Nations football fans in support of vaccination.","robots":{"index":"index","follow":"follow","max-snippet":"max-snippet:-1","max-image-preview":"max-image-preview:large","max-video-preview":"max-video-preview:-1"},"canonical":"https:\/\/covid19communicationnetwork.org\/fr\/can2023pt\/","og_locale":"fr_FR","og_type":"article","og_title":"AFCON 2023 Portugu\u00eas - COVID-19 Communication Network","og_description":"Breakthrough ACTION's multimedia campaign to leverage excitement among 2023 Africa Cup of Nations football fans in support of vaccination.","og_url":"https:\/\/covid19communicationnetwork.org\/fr\/can2023pt\/","og_site_name":"COVID-19 Communication Network","article_modified_time":"2024-01-30T20:36:38+00:00","og_image":[{"url":"https:\/\/covid19communicationnetwork.org\/wp-content\/uploads\/2024\/01\/MOZ-1-1030x722.png","type":"","width":"","height":""}],"twitter_card":"summary_large_image","twitter_misc":{"Dur\u00e9e de lecture estim\u00e9e":"4 minutes"},"schema":{"@context":"https:\/\/schema.org","@graph":[{"@type":"WebPage","@id":"https:\/\/covid19communicationnetwork.org\/can2023pt\/","url":"https:\/\/covid19communicationnetwork.org\/can2023pt\/","name":"AFCON 2023 Portugu\u00eas - COVID-19 Communication Network","isPartOf":{"@id":"https:\/\/covid19communicationnetwork.org\/#website"},"primaryImageOfPage":{"@id":"https:\/\/covid19communicationnetwork.org\/can2023pt\/#primaryimage"},"image":{"@id":"https:\/\/covid19communicationnetwork.org\/can2023pt\/#primaryimage"},"thumbnailUrl":"https:\/\/covid19communicationnetwork.org\/wp-content\/uploads\/2024\/01\/MOZ-1-1030x722.png","datePublished":"2024-01-16T17:37:57+00:00","dateModified":"2024-01-30T20:36:38+00:00","description":"Breakthrough ACTION's multimedia campaign to leverage excitement among 2023 Africa Cup of Nations football fans in support of vaccination.","breadcrumb":{"@id":"https:\/\/covid19communicationnetwork.org\/can2023pt\/#breadcrumb"},"inLanguage":"fr-FR","potentialAction":[{"@type":"ReadAction","target":["https:\/\/covid19communicationnetwork.org\/can2023pt\/"]}]},{"@type":"ImageObject","inLanguage":"fr-FR","@id":"https:\/\/covid19communicationnetwork.org\/can2023pt\/#primaryimage","url":"https:\/\/covid19communicationnetwork.org\/wp-content\/uploads\/2024\/01\/MOZ-1-1030x722.png","contentUrl":"https:\/\/covid19communicationnetwork.org\/wp-content\/uploads\/2024\/01\/MOZ-1-1030x722.png"},{"@type":"BreadcrumbList","@id":"https:\/\/covid19communicationnetwork.org\/can2023pt\/#breadcrumb","itemListElement":[{"@type":"ListItem","position":1,"name":"Home","item":"https:\/\/covid19communicationnetwork.org\/welcome\/"},{"@type":"ListItem","position":2,"name":"AFCON 2023 Portugu\u00eas"}]},{"@type":"WebSite","@id":"https:\/\/covid19communicationnetwork.org\/#website","url":"https:\/\/covid19communicationnetwork.org\/","name":"COVID-19 Communication Network","description":"Tools and Resources for Novel Coronavirus (COVID-19)","publisher":{"@id":"https:\/\/covid19communicationnetwork.org\/#organization"},"potentialAction":[{"@type":"SearchAction","target":{"@type":"EntryPoint","urlTemplate":"https:\/\/covid19communicationnetwork.org\/?s={search_term_string}"},"query-input":{"@type":"PropertyValueSpecification","valueRequired":true,"valueName":"search_term_string"}}],"inLanguage":"fr-FR"},{"@type":"Organization","@id":"https:\/\/covid19communicationnetwork.org\/#organization","name":"COVID-19 Communication Network","url":"https:\/\/covid19communicationnetwork.org\/","logo":{"@type":"ImageObject","inLanguage":"fr-FR","@id":"https:\/\/covid19communicationnetwork.org\/#\/schema\/logo\/image\/","url":"https:\/\/covid19communicationnetwork.org\/wp-content\/uploads\/2020\/04\/ccnLogoLg.png","contentUrl":"https:\/\/covid19communicationnetwork.org\/wp-content\/uploads\/2020\/04\/ccnLogoLg.png","width":1309,"height":401,"caption":"COVID-19 Communication Network"},"image":{"@id":"https:\/\/covid19communicationnetwork.org\/#\/schema\/logo\/image\/"}}]}},"_links":{"self":[{"href":"https:\/\/covid19communicationnetwork.org\/fr\/wp-json\/wp\/v2\/pages\/13020","targetHints":{"allow":["GET"]}}],"collection":[{"href":"https:\/\/covid19communicationnetwork.org\/fr\/wp-json\/wp\/v2\/pages"}],"about":[{"href":"https:\/\/covid19communicationnetwork.org\/fr\/wp-json\/wp\/v2\/types\/page"}],"author":[{"embeddable":true,"href":"https:\/\/covid19communicationnetwork.org\/fr\/wp-json\/wp\/v2\/users\/2"}],"replies":[{"embeddable":true,"href":"https:\/\/covid19communicationnetwork.org\/fr\/wp-json\/wp\/v2\/comments?post=13020"}],"version-history":[{"count":0,"href":"https:\/\/covid19communicationnetwork.org\/fr\/wp-json\/wp\/v2\/pages\/13020\/revisions"}],"wp:attachment":[{"href":"https:\/\/covid19communicationnetwork.org\/fr\/wp-json\/wp\/v2\/media?parent=13020"}],"curies":[{"name":"wp","href":"https:\/\/api.w.org\/{rel}","templated":true}]}}